{"id":11,"date":"2016-11-20T20:38:43","date_gmt":"2016-11-20T19:38:43","guid":{"rendered":"http:\/\/koerperliche-psychosomatik.de\/?page_id=11"},"modified":"2022-10-14T18:45:36","modified_gmt":"2022-10-14T16:45:36","slug":"introspektion-5","status":"publish","type":"page","link":"http:\/\/www.koerperliche-psychosomatik.de\/?page_id=11","title":{"rendered":"RECENT PROJECTS_real"},"content":{"rendered":"<div id=\"pl-11\"  class=\"panel-layout\" ><div id=\"pg-11-0\"  class=\"panel-grid panel-has-style\" ><div class=\"siteorigin-panels-stretch panel-row-style panel-row-style-for-11-0\" data-stretch-type=\"full\" ><div id=\"pgc-11-0-0\"  class=\"panel-grid-cell\" ><div id=\"panel-11-0-0-0\" class=\"so-panel widget widget_sow-headline panel-first-child\" data-index=\"0\" ><div\n\t\t\t\n\t\t\tclass=\"so-widget-sow-headline so-widget-sow-headline-default-d6db24c2db75-11\"\n\t\t\t\n\t\t><div class=\"sow-headline-container \">\n\t\t\t\t\t\t\t<h2 class=\"sow-headline\">\n\t\t\t\t\t\tProjects\t\t\t\t\t\t<\/h2>\n\t\t\t\t\t\t\t\t\t\t\t<div class=\"decoration\">\n\t\t\t\t\t\t<div class=\"decoration-inside\"><\/div>\n\t\t\t\t\t<\/div>\n\t\t\t\t\t<\/div>\n<\/div><\/div><div id=\"panel-11-0-0-1\" class=\"so-panel widget widget_sow-editor panel-last-child\" data-index=\"1\" ><div class=\"panel-widget-style panel-widget-style-for-11-0-0-1\" ><div\n\t\t\t\n\t\t\tclass=\"so-widget-sow-editor so-widget-sow-editor-base\"\n\t\t\t\n\t\t>\n<div class=\"siteorigin-widget-tinymce textwidget\">\n\t<h1 style=\"text-align: center;\"><span style=\"color: #21282f;\">Current<br \/>\n<\/span><\/h1>\n<\/div>\n<\/div><\/div><\/div><\/div><\/div><\/div><div id=\"pg-11-1\"  class=\"panel-grid panel-has-style\" ><div class=\"siteorigin-panels-stretch panel-row-style panel-row-style-for-11-1\" data-stretch-type=\"full-stretched\" ><div id=\"pgc-11-1-0\"  class=\"panel-grid-cell\" ><div id=\"panel-11-1-0-0\" class=\"so-panel widget widget_sow-headline panel-first-child panel-last-child\" data-index=\"2\" ><div\n\t\t\t\n\t\t\tclass=\"so-widget-sow-headline so-widget-sow-headline-default-2a44afd19883-11\"\n\t\t\t\n\t\t><div class=\"sow-headline-container \">\n\t\t\t\t\t\t\t<h1 class=\"sow-headline\">\n\t\t\t\t\t\tProfessional Identity Formation in Medical Education\t\t\t\t\t\t<\/h1>\n\t\t\t\t\t\t\t\t\t\t\t<div class=\"decoration\">\n\t\t\t\t\t\t<div class=\"decoration-inside\"><\/div>\n\t\t\t\t\t<\/div>\n\t\t\t\t\t<\/div>\n<\/div><\/div><\/div><\/div><\/div><div id=\"pg-11-2\"  class=\"panel-grid panel-no-style\" ><div id=\"pgc-11-2-0\"  class=\"panel-grid-cell\" ><div id=\"panel-11-2-0-0\" class=\"so-panel widget widget_sow-editor panel-first-child panel-last-child\" data-index=\"3\" ><div\n\t\t\t\n\t\t\tclass=\"so-widget-sow-editor so-widget-sow-editor-base\"\n\t\t\t\n\t\t>\n<div class=\"siteorigin-widget-tinymce textwidget\">\n\t<p><img decoding=\"async\" loading=\"lazy\" class=\"alignleft wp-image-1619\" src=\"http:\/\/www.koerperliche-psychosomatik.de\/wp-content\/uploads\/2022\/10\/hh-150x150.png\" alt=\"\" width=\"380\" height=\"380\" srcset=\"http:\/\/www.koerperliche-psychosomatik.de\/wp-content\/uploads\/2022\/10\/hh-150x150.png 150w, http:\/\/www.koerperliche-psychosomatik.de\/wp-content\/uploads\/2022\/10\/hh-300x300.png 300w, http:\/\/www.koerperliche-psychosomatik.de\/wp-content\/uploads\/2022\/10\/hh-1024x1024.png 1024w, http:\/\/www.koerperliche-psychosomatik.de\/wp-content\/uploads\/2022\/10\/hh-768x768.png 768w, http:\/\/www.koerperliche-psychosomatik.de\/wp-content\/uploads\/2022\/10\/hh-100x100.png 100w, http:\/\/www.koerperliche-psychosomatik.de\/wp-content\/uploads\/2022\/10\/hh.png 1396w\" sizes=\"(max-width: 380px) 100vw, 380px\" \/><\/p>\n<\/div>\n<\/div><\/div><\/div><div id=\"pgc-11-2-1\"  class=\"panel-grid-cell\" ><div id=\"panel-11-2-1-0\" class=\"so-panel widget widget_sow-editor panel-first-child panel-last-child\" data-index=\"4\" ><div\n\t\t\t\n\t\t\tclass=\"so-widget-sow-editor so-widget-sow-editor-base\"\n\t\t\t\n\t\t>\n<div class=\"siteorigin-widget-tinymce textwidget\">\n\t<p>&nbsp;<\/p>\n<p style=\"text-align: left;\"><strong><em>Untersuchung der theoretischen Grundlagen<br \/>\n<\/em><\/strong><\/p>\n<div id=\"panel-11-1-1-1\" class=\"so-panel widget widget_sow-editor panel-last-child\" data-index=\"4\">\n<div class=\"so-widget-sow-editor so-widget-sow-editor-base\">\n<div class=\"siteorigin-widget-tinymce textwidget\">\n<p>PIF ist eine in Deutschland relativ neue Perspektive auf die Entwicklung der medizinisch-professionellen Identit\u00e4t von Studierenden. Die Begriffe der Identit\u00e4t sowie Professionalismus sind vielschichtig und in der Forschung kaum einheitlich definiert.<\/p>\n<p>... <a href=\"http:\/\/www.koerperliche-psychosomatik.de\/?page_id=1632\"><span style=\"color: #2cb1e2;\">Read More<\/span><\/a><\/p>\n<\/div>\n<\/div>\n<\/div>\n<p style=\"text-align: center;\">\n<\/div>\n<\/div><\/div><\/div><\/div><div id=\"pg-11-3\"  class=\"panel-grid panel-has-style\" ><div class=\"siteorigin-panels-stretch panel-row-style panel-row-style-for-11-3\" data-stretch-type=\"full-stretched\" ><div id=\"pgc-11-3-0\"  class=\"panel-grid-cell\" ><div id=\"panel-11-3-0-0\" class=\"so-panel widget widget_sow-headline panel-first-child panel-last-child\" data-index=\"5\" ><div\n\t\t\t\n\t\t\tclass=\"so-widget-sow-headline so-widget-sow-headline-default-2a44afd19883-11\"\n\t\t\t\n\t\t><div class=\"sow-headline-container \">\n\t\t\t\t\t\t\t<h1 class=\"sow-headline\">\n\t\t\t\t\t\tCritical Selfcare\t\t\t\t\t\t<\/h1>\n\t\t\t\t\t\t\t\t\t\t\t<div class=\"decoration\">\n\t\t\t\t\t\t<div class=\"decoration-inside\"><\/div>\n\t\t\t\t\t<\/div>\n\t\t\t\t\t<\/div>\n<\/div><\/div><\/div><\/div><\/div><div id=\"pg-11-4\"  class=\"panel-grid panel-no-style\" ><div id=\"pgc-11-4-0\"  class=\"panel-grid-cell\" ><div id=\"panel-11-4-0-0\" class=\"so-panel widget widget_sow-editor panel-first-child panel-last-child\" data-index=\"6\" ><div\n\t\t\t\n\t\t\tclass=\"so-widget-sow-editor so-widget-sow-editor-base\"\n\t\t\t\n\t\t>\n<div class=\"siteorigin-widget-tinymce textwidget\">\n\t<p><img decoding=\"async\" loading=\"lazy\" class=\"alignleft wp-image-1623\" src=\"http:\/\/www.koerperliche-psychosomatik.de\/wp-content\/uploads\/2022\/10\/gg-150x150.png\" alt=\"\" width=\"380\" height=\"380\" srcset=\"http:\/\/www.koerperliche-psychosomatik.de\/wp-content\/uploads\/2022\/10\/gg-150x150.png 150w, http:\/\/www.koerperliche-psychosomatik.de\/wp-content\/uploads\/2022\/10\/gg-300x300.png 300w, http:\/\/www.koerperliche-psychosomatik.de\/wp-content\/uploads\/2022\/10\/gg-100x100.png 100w, http:\/\/www.koerperliche-psychosomatik.de\/wp-content\/uploads\/2022\/10\/gg.png 690w\" sizes=\"(max-width: 380px) 100vw, 380px\" \/><\/p>\n<\/div>\n<\/div><\/div><\/div><div id=\"pgc-11-4-1\"  class=\"panel-grid-cell\" ><div id=\"panel-11-4-1-0\" class=\"so-panel widget widget_sow-editor panel-first-child panel-last-child\" data-index=\"7\" ><div\n\t\t\t\n\t\t\tclass=\"so-widget-sow-editor so-widget-sow-editor-base\"\n\t\t\t\n\t\t>\n<div class=\"siteorigin-widget-tinymce textwidget\">\n\t<p style=\"text-align: left;\"><strong><em>Kritische Reflexion der gesellschaftlichen Einfl\u00fcsse auf und Widerst\u00e4nde gegen das Konzept \"self-care\"<br \/>\n<\/em><\/strong><\/p>\n<div id=\"panel-11-1-1-1\" class=\"so-panel widget widget_sow-editor panel-last-child\" data-index=\"4\">\n<div class=\"so-widget-sow-editor so-widget-sow-editor-base\">\n<div class=\"siteorigin-widget-tinymce textwidget\">\n<p>Self-Care ist in aller Munde, und erlebt insbesondere im Bereich der Gesundheitsversorgung einen steilen Popularisierungs-Trend. Dort haben Burnout, Suizidraten und psychische Belastungen Hochkonjunktur. Self-Care soll eine\/die L\u00f6sung sein. Doch verkommt sie \u00f6fter als seltener zu einem weiteren To-Do-Punkt auf einer langen Liste, und f\u00fchrt damit eher zu Schuldgef\u00fchlen. Liegt das wirklich nur an praktischen Hindernissen?<\/p>\n<p>... <a href=\"http:\/\/www.koerperliche-psychosomatik.de\/?page_id=1675\"><span style=\"color: #2cb1e2;\">Read More<\/span><\/a><\/p>\n<\/div>\n<\/div>\n<\/div>\n<\/div>\n<\/div><\/div><\/div><\/div><div id=\"pg-11-5\"  class=\"panel-grid panel-has-style\" ><div class=\"siteorigin-panels-stretch panel-row-style panel-row-style-for-11-5\" data-stretch-type=\"full-stretched\" ><div id=\"pgc-11-5-0\"  class=\"panel-grid-cell\" ><div id=\"panel-11-5-0-0\" class=\"so-panel widget widget_sow-headline panel-first-child panel-last-child\" data-index=\"8\" ><div\n\t\t\t\n\t\t\tclass=\"so-widget-sow-headline so-widget-sow-headline-default-2a44afd19883-11\"\n\t\t\t\n\t\t><div class=\"sow-headline-container \">\n\t\t\t\t\t\t\t<h1 class=\"sow-headline\">\n\t\t\t\t\t\tPsychosomatische Medizin als Wissenskultur\t\t\t\t\t\t<\/h1>\n\t\t\t\t\t\t\t\t\t\t\t<div class=\"decoration\">\n\t\t\t\t\t\t<div class=\"decoration-inside\"><\/div>\n\t\t\t\t\t<\/div>\n\t\t\t\t\t<\/div>\n<\/div><\/div><\/div><\/div><\/div><div id=\"pg-11-6\"  class=\"panel-grid panel-no-style\" ><div id=\"pgc-11-6-0\"  class=\"panel-grid-cell\" ><div id=\"panel-11-6-0-0\" class=\"so-panel widget widget_sow-editor panel-first-child panel-last-child\" data-index=\"9\" ><div\n\t\t\t\n\t\t\tclass=\"so-widget-sow-editor so-widget-sow-editor-base\"\n\t\t\t\n\t\t>\n<div class=\"siteorigin-widget-tinymce textwidget\">\n\t<p><img decoding=\"async\" loading=\"lazy\" class=\"alignleft wp-image-1616\" src=\"http:\/\/www.koerperliche-psychosomatik.de\/wp-content\/uploads\/2022\/10\/WK-150x150.png\" alt=\"\" width=\"411\" height=\"411\" srcset=\"http:\/\/www.koerperliche-psychosomatik.de\/wp-content\/uploads\/2022\/10\/WK-150x150.png 150w, http:\/\/www.koerperliche-psychosomatik.de\/wp-content\/uploads\/2022\/10\/WK-300x300.png 300w, http:\/\/www.koerperliche-psychosomatik.de\/wp-content\/uploads\/2022\/10\/WK-100x100.png 100w, http:\/\/www.koerperliche-psychosomatik.de\/wp-content\/uploads\/2022\/10\/WK.png 380w\" sizes=\"(max-width: 411px) 100vw, 411px\" \/><\/p>\n<\/div>\n<\/div><\/div><\/div><div id=\"pgc-11-6-1\"  class=\"panel-grid-cell\" ><div id=\"panel-11-6-1-0\" class=\"so-panel widget widget_sow-editor panel-first-child panel-last-child\" data-index=\"10\" ><div\n\t\t\t\n\t\t\tclass=\"so-widget-sow-editor so-widget-sow-editor-base\"\n\t\t\t\n\t\t>\n<div class=\"siteorigin-widget-tinymce textwidget\">\n\t<p>&nbsp;<\/p>\n<p style=\"text-align: left;\"><strong><em>Mixed-Methods-basierte, kulturwissenschaftliche Exploration<br \/>\n<\/em><\/strong><\/p>\n<div id=\"panel-11-1-1-1\" class=\"so-panel widget widget_sow-editor panel-last-child\" data-index=\"4\">\n<div class=\"so-widget-sow-editor so-widget-sow-editor-base\">\n<div class=\"siteorigin-widget-tinymce textwidget\">\n<p>Psychosomatische Medizin produziert Wissen, welches sich offenbar nicht ohne Weiteres in den Kanon der bestehenden schulmedizinischen Praxis integrieren l\u00e4sst. Woran liegt das? Besitzt das Wissen bestimmte Eigenschaften, die ein solches Vorhaben erschweren?<\/p>\n<p>... <a href=\"http:\/\/www.koerperliche-psychosomatik.de\/?page_id=1665\"><span style=\"color: #2cb1e2;\">Read More<\/span><\/a><\/p>\n<\/div>\n<\/div>\n<\/div>\n<p style=\"text-align: center;\">\n<\/div>\n<\/div><\/div><\/div><\/div><div id=\"pg-11-7\"  class=\"panel-grid panel-has-style\" ><div class=\"siteorigin-panels-stretch panel-row-style panel-row-style-for-11-7\" data-stretch-type=\"full-stretched\" ><div id=\"pgc-11-7-0\"  class=\"panel-grid-cell\" ><div id=\"panel-11-7-0-0\" class=\"so-panel widget widget_sow-headline panel-first-child panel-last-child\" data-index=\"11\" ><div\n\t\t\t\n\t\t\tclass=\"so-widget-sow-headline so-widget-sow-headline-default-2a44afd19883-11\"\n\t\t\t\n\t\t><div class=\"sow-headline-container \">\n\t\t\t\t\t\t\t<h1 class=\"sow-headline\">\n\t\t\t\t\t\tOutside the Happy Bubble - Suicide is not a choice\t\t\t\t\t\t<\/h1>\n\t\t\t\t\t\t\t\t\t\t\t<div class=\"decoration\">\n\t\t\t\t\t\t<div class=\"decoration-inside\"><\/div>\n\t\t\t\t\t<\/div>\n\t\t\t\t\t<\/div>\n<\/div><\/div><\/div><\/div><\/div><div id=\"pg-11-8\"  class=\"panel-grid panel-no-style\" ><div id=\"pgc-11-8-0\"  class=\"panel-grid-cell\" ><div id=\"panel-11-8-0-0\" class=\"so-panel widget widget_sow-editor panel-first-child panel-last-child\" data-index=\"12\" ><div\n\t\t\t\n\t\t\tclass=\"so-widget-sow-editor so-widget-sow-editor-base\"\n\t\t\t\n\t\t>\n<div class=\"siteorigin-widget-tinymce textwidget\">\n\t<p><img decoding=\"async\" loading=\"lazy\" class=\"alignleft wp-image-1622\" src=\"http:\/\/www.koerperliche-psychosomatik.de\/wp-content\/uploads\/2022\/10\/bc-150x150.png\" alt=\"\" width=\"380\" height=\"329\" srcset=\"http:\/\/www.koerperliche-psychosomatik.de\/wp-content\/uploads\/2022\/10\/bc-300x259.png 300w, http:\/\/www.koerperliche-psychosomatik.de\/wp-content\/uploads\/2022\/10\/bc-1024x886.png 1024w, http:\/\/www.koerperliche-psychosomatik.de\/wp-content\/uploads\/2022\/10\/bc-768x664.png 768w, http:\/\/www.koerperliche-psychosomatik.de\/wp-content\/uploads\/2022\/10\/bc.png 1390w\" sizes=\"(max-width: 380px) 100vw, 380px\" \/><\/p>\n<\/div>\n<\/div><\/div><\/div><div id=\"pgc-11-8-1\"  class=\"panel-grid-cell\" ><div id=\"panel-11-8-1-0\" class=\"so-panel widget widget_sow-editor panel-first-child panel-last-child\" data-index=\"13\" ><div\n\t\t\t\n\t\t\tclass=\"so-widget-sow-editor so-widget-sow-editor-base\"\n\t\t\t\n\t\t>\n<div class=\"siteorigin-widget-tinymce textwidget\">\n\t<p>&nbsp;<\/p>\n<p style=\"text-align: left;\"><strong><em>Interaktive Seminar-Reihe des SUTURE WORK COLLECTIVEs<br \/>\n<\/em><\/strong><\/p>\n<div id=\"panel-11-1-1-1\" class=\"so-panel widget widget_sow-editor panel-last-child\" data-index=\"4\">\n<div class=\"so-widget-sow-editor so-widget-sow-editor-base\">\n<div class=\"siteorigin-widget-tinymce textwidget\">\n<p>Suizid (suicide, attempts, ideation) ist h\u00e4ufig ein als unangenehm empfundenes Thema. Es geht mit starken moralischen Dimensionen einher.\u00a0 Beim Umgang mit betroffenen Patient:innen helfen Kommunikationsstrategien nur begrenzt - insbesondere, wenn die Situation in unerwarteten Kontexten auftritt.<\/p>\n<p>... <span style=\"color: #2cb1e2;\"><a style=\"color: #2cb1e2;\" href=\"http:\/\/koerperliche-psychosomatik.de\/?page_id=206\">Read More<\/a><\/span><\/p>\n<\/div>\n<\/div>\n<\/div>\n<p style=\"text-align: center;\">\n<\/div>\n<\/div><\/div><\/div><\/div><div id=\"pg-11-9\"  class=\"panel-grid panel-has-style\" ><div class=\"siteorigin-panels-stretch panel-row-style panel-row-style-for-11-9\" data-stretch-type=\"full\" ><div id=\"pgc-11-9-0\"  class=\"panel-grid-cell\" ><div id=\"panel-11-9-0-0\" class=\"so-panel widget widget_sow-editor panel-first-child panel-last-child\" data-index=\"14\" ><div class=\"panel-widget-style panel-widget-style-for-11-9-0-0\" ><div\n\t\t\t\n\t\t\tclass=\"so-widget-sow-editor so-widget-sow-editor-base\"\n\t\t\t\n\t\t>\n<div class=\"siteorigin-widget-tinymce textwidget\">\n\t<h1 style=\"text-align: center;\"><span style=\"color: #21282f;\">Recent Projects<\/span><\/h1>\n<\/div>\n<\/div><\/div><\/div><\/div><\/div><\/div><div id=\"pg-11-10\"  class=\"panel-grid panel-has-style\" ><div class=\"siteorigin-panels-stretch panel-row-style panel-row-style-for-11-10\" data-stretch-type=\"full-stretched\" ><div id=\"pgc-11-10-0\"  class=\"panel-grid-cell\" ><div id=\"panel-11-10-0-0\" class=\"so-panel widget widget_sow-headline panel-first-child panel-last-child\" data-index=\"15\" ><div\n\t\t\t\n\t\t\tclass=\"so-widget-sow-headline so-widget-sow-headline-default-2a44afd19883-11\"\n\t\t\t\n\t\t><div class=\"sow-headline-container \">\n\t\t\t\t\t\t\t<h1 class=\"sow-headline\">\n\t\t\t\t\t\tDer K\u00f6rperbegriff in der Psychosomatik\t\t\t\t\t\t<\/h1>\n\t\t\t\t\t\t\t\t\t\t\t<div class=\"decoration\">\n\t\t\t\t\t\t<div class=\"decoration-inside\"><\/div>\n\t\t\t\t\t<\/div>\n\t\t\t\t\t<\/div>\n<\/div><\/div><\/div><\/div><\/div><div id=\"pg-11-11\"  class=\"panel-grid panel-no-style\" ><div id=\"pgc-11-11-0\"  class=\"panel-grid-cell\" ><div id=\"panel-11-11-0-0\" class=\"so-panel widget widget_sow-editor panel-first-child panel-last-child\" data-index=\"16\" ><div\n\t\t\t\n\t\t\tclass=\"so-widget-sow-editor so-widget-sow-editor-base\"\n\t\t\t\n\t\t>\n<div class=\"siteorigin-widget-tinymce textwidget\">\n\t<p><img decoding=\"async\" loading=\"lazy\" class=\"alignleft wp-image-467\" src=\"http:\/\/koerperliche-psychosomatik.de\/wp-content\/uploads\/2018\/08\/1r.png\" alt=\"\" width=\"380\" height=\"380\" srcset=\"http:\/\/www.koerperliche-psychosomatik.de\/wp-content\/uploads\/2018\/08\/1r.png 393w, http:\/\/www.koerperliche-psychosomatik.de\/wp-content\/uploads\/2018\/08\/1r-150x150.png 150w, http:\/\/www.koerperliche-psychosomatik.de\/wp-content\/uploads\/2018\/08\/1r-300x300.png 300w, http:\/\/www.koerperliche-psychosomatik.de\/wp-content\/uploads\/2018\/08\/1r-100x100.png 100w\" sizes=\"(max-width: 380px) 100vw, 380px\" \/><\/p>\n<\/div>\n<\/div><\/div><\/div><div id=\"pgc-11-11-1\"  class=\"panel-grid-cell\" ><div id=\"panel-11-11-1-0\" class=\"so-panel widget widget_sow-editor panel-first-child panel-last-child\" data-index=\"17\" ><div\n\t\t\t\n\t\t\tclass=\"so-widget-sow-editor so-widget-sow-editor-base\"\n\t\t\t\n\t\t>\n<div class=\"siteorigin-widget-tinymce textwidget\">\n\t<p style=\"text-align: left;\"><strong><em>Theoretische Grundlagen<br \/><\/em><\/strong><\/p>\n<div id=\"panel-11-1-1-1\" class=\"so-panel widget widget_sow-editor panel-last-child\" data-index=\"4\">\n<div class=\"so-widget-sow-editor so-widget-sow-editor-base\">\n<div class=\"siteorigin-widget-tinymce textwidget\">\n<p>Psychosomatik ist eine Betrachtungsweise des Menschen, die davon ausgeht, dass Psyche und Soma in enger wechselseitiger Verbundenheit stehen. Dadurch weist sie eine gro\u00dfe Schnittmenge mit philosophischen Fragen auf.<\/p>\n<p>... <span style=\"color: #2cb1e2;\"><a style=\"color: #2cb1e2;\" href=\"http:\/\/koerperliche-psychosomatik.de\/?page_id=206\">Read More<\/a><\/span><\/p>\n<\/div>\n<\/div>\n<\/div>\n<p style=\"text-align: center;\">\u00a0<\/p>\n<\/div>\n<\/div><\/div><\/div><\/div><div id=\"pg-11-12\"  class=\"panel-grid panel-has-style\" ><div class=\"siteorigin-panels-stretch panel-row-style panel-row-style-for-11-12\" data-stretch-type=\"full-stretched\" ><div id=\"pgc-11-12-0\"  class=\"panel-grid-cell\" ><div id=\"panel-11-12-0-0\" class=\"so-panel widget widget_sow-headline panel-first-child panel-last-child\" data-index=\"18\" ><div\n\t\t\t\n\t\t\tclass=\"so-widget-sow-headline so-widget-sow-headline-default-2a44afd19883-11\"\n\t\t\t\n\t\t><div class=\"sow-headline-container \">\n\t\t\t\t\t\t\t<h1 class=\"sow-headline\">\n\t\t\t\t\t\tIn Balance: Grenze neu denken in der \u00c4rzt:innen-Patient:innen-Beziehung\t\t\t\t\t\t<\/h1>\n\t\t\t\t\t\t\t\t\t\t\t<div class=\"decoration\">\n\t\t\t\t\t\t<div class=\"decoration-inside\"><\/div>\n\t\t\t\t\t<\/div>\n\t\t\t\t\t<\/div>\n<\/div><\/div><\/div><\/div><\/div><div id=\"pg-11-13\"  class=\"panel-grid panel-no-style\" ><div id=\"pgc-11-13-0\"  class=\"panel-grid-cell\" ><div id=\"panel-11-13-0-0\" class=\"so-panel widget widget_sow-editor panel-first-child panel-last-child\" data-index=\"19\" ><div\n\t\t\t\n\t\t\tclass=\"so-widget-sow-editor so-widget-sow-editor-base\"\n\t\t\t\n\t\t>\n<div class=\"siteorigin-widget-tinymce textwidget\">\n\t<p><img decoding=\"async\" loading=\"lazy\" class=\"alignleft wp-image-468\" src=\"http:\/\/koerperliche-psychosomatik.de\/wp-content\/uploads\/2018\/08\/2r.png\" alt=\"\" width=\"380\" height=\"379\" srcset=\"http:\/\/www.koerperliche-psychosomatik.de\/wp-content\/uploads\/2018\/08\/2r.png 393w, http:\/\/www.koerperliche-psychosomatik.de\/wp-content\/uploads\/2018\/08\/2r-150x150.png 150w, http:\/\/www.koerperliche-psychosomatik.de\/wp-content\/uploads\/2018\/08\/2r-300x300.png 300w, http:\/\/www.koerperliche-psychosomatik.de\/wp-content\/uploads\/2018\/08\/2r-100x100.png 100w\" sizes=\"(max-width: 380px) 100vw, 380px\" \/><\/p>\n<\/div>\n<\/div><\/div><\/div><div id=\"pgc-11-13-1\"  class=\"panel-grid-cell\" ><div id=\"panel-11-13-1-0\" class=\"so-panel widget widget_sow-editor panel-first-child panel-last-child\" data-index=\"20\" ><div\n\t\t\t\n\t\t\tclass=\"so-widget-sow-editor so-widget-sow-editor-base\"\n\t\t\t\n\t\t>\n<div class=\"siteorigin-widget-tinymce textwidget\">\n\t<p style=\"text-align: left;\"><strong><em>Aus der Theorie in die Praxis <br \/><\/em><\/strong><\/p>\n<div id=\"panel-11-1-1-1\" class=\"so-panel widget widget_sow-editor panel-last-child\" data-index=\"4\">\n<div class=\"so-widget-sow-editor so-widget-sow-editor-base\">\n<div class=\"siteorigin-widget-tinymce textwidget\">\n<p>In den letzten Jahren wurde das Konzept Embodiment zu einem Schl\u00fcsselparadigma in den interdiziplin\u00e4ren Theorien von Philosophie, Psychologie, Psychosomatik und Neurowissenschaft. Obwohl es ein hohes Potenzial f\u00fcr die verschiedenen Disziplinen besitzt, ist es weder in der medizinischen Theorie noch in der Praxis zufriedenstellend integriert.<\/p>\n<p>... <span style=\"color: #2cb1e2;\"><a style=\"color: #2cb1e2;\" href=\"http:\/\/koerperliche-psychosomatik.de\/?page_id=212\">Read More<\/a><\/span><\/p>\n<\/div>\n<\/div>\n<\/div>\n<p style=\"text-align: center;\">\u00a0<\/p>\n<\/div>\n<\/div><\/div><\/div><\/div><div id=\"pg-11-14\"  class=\"panel-grid panel-has-style\" ><div class=\"siteorigin-panels-stretch panel-row-style panel-row-style-for-11-14\" data-stretch-type=\"full-stretched\" ><div id=\"pgc-11-14-0\"  class=\"panel-grid-cell\" ><div id=\"panel-11-14-0-0\" class=\"so-panel widget widget_sow-headline panel-first-child panel-last-child\" data-index=\"21\" ><div\n\t\t\t\n\t\t\tclass=\"so-widget-sow-headline so-widget-sow-headline-default-2a44afd19883-11\"\n\t\t\t\n\t\t><div class=\"sow-headline-container \">\n\t\t\t\t\t\t\t<h1 class=\"sow-headline\">\n\t\t\t\t\t\t\u00c4rzt:in sein und Mensch bleiben: Zwischen Authentizit\u00e4t und Professionalit\u00e4t\t\t\t\t\t\t<\/h1>\n\t\t\t\t\t\t\t\t\t\t\t<div class=\"decoration\">\n\t\t\t\t\t\t<div class=\"decoration-inside\"><\/div>\n\t\t\t\t\t<\/div>\n\t\t\t\t\t<\/div>\n<\/div><\/div><\/div><\/div><\/div><div id=\"pg-11-15\"  class=\"panel-grid panel-no-style\" ><div id=\"pgc-11-15-0\"  class=\"panel-grid-cell\" ><div id=\"panel-11-15-0-0\" class=\"so-panel widget widget_sow-editor panel-first-child panel-last-child\" data-index=\"22\" ><div\n\t\t\t\n\t\t\tclass=\"so-widget-sow-editor so-widget-sow-editor-base\"\n\t\t\t\n\t\t>\n<div class=\"siteorigin-widget-tinymce textwidget\">\n\t<p><img decoding=\"async\" loading=\"lazy\" class=\"alignleft wp-image-469\" src=\"http:\/\/koerperliche-psychosomatik.de\/wp-content\/uploads\/2018\/08\/3r.png\" alt=\"\" width=\"379\" height=\"379\" srcset=\"http:\/\/www.koerperliche-psychosomatik.de\/wp-content\/uploads\/2018\/08\/3r.png 391w, http:\/\/www.koerperliche-psychosomatik.de\/wp-content\/uploads\/2018\/08\/3r-150x150.png 150w, http:\/\/www.koerperliche-psychosomatik.de\/wp-content\/uploads\/2018\/08\/3r-300x300.png 300w, http:\/\/www.koerperliche-psychosomatik.de\/wp-content\/uploads\/2018\/08\/3r-100x100.png 100w\" sizes=\"(max-width: 379px) 100vw, 379px\" \/><\/p>\n<\/div>\n<\/div><\/div><\/div><div id=\"pgc-11-15-1\"  class=\"panel-grid-cell\" ><div id=\"panel-11-15-1-0\" class=\"so-panel widget widget_sow-editor panel-first-child panel-last-child\" data-index=\"23\" ><div\n\t\t\t\n\t\t\tclass=\"so-widget-sow-editor so-widget-sow-editor-base\"\n\t\t\t\n\t\t>\n<div class=\"siteorigin-widget-tinymce textwidget\">\n\t<p style=\"text-align: left;\"><strong><em>Ein Konzept zur Umsetzung der Theorie in Lehre und Alltag<br \/><\/em><\/strong><\/p>\n<div id=\"panel-11-1-1-1\" class=\"so-panel widget widget_sow-editor panel-last-child\" data-index=\"4\">\n<div class=\"so-widget-sow-editor so-widget-sow-editor-base\">\n<div class=\"siteorigin-widget-tinymce textwidget\">\n<div id=\"panel-11-1-2-1\" class=\"so-panel widget widget_sow-editor panel-last-child\" data-index=\"6\">\n<div class=\"so-widget-sow-editor so-widget-sow-editor-base\">\n<div class=\"siteorigin-widget-tinymce textwidget\">\n<p>Arzt zu sein und als Arzt zu arbeiten sind oft zwei verschiedene Welten. Medizinstudenten sind gefordert, mit beiden Wirklichkeiten zurecht zu kommen. Dabei fehlt es oft an Handlungsvorbildern. Die daher notwendige Selbstreflexion zeigt sich im Medizinstudium als eine gravierende Leerstelle \u2013 und damit als ein gro\u00dfes Potenzial.<\/p>\n<p>...<span style=\"color: #2cb1e2;\"> <a style=\"color: #2cb1e2;\" href=\"http:\/\/koerperliche-psychosomatik.de\/?page_id=208\">Read More<\/a><\/span><\/p>\n<\/div>\n<\/div>\n<\/div>\n<\/div>\n<\/div>\n<\/div>\n<p style=\"text-align: center;\">\u00a0<\/p>\n<\/div>\n<\/div><\/div><\/div><\/div><\/div>","protected":false},"excerpt":{"rendered":"<p>Current<\/p>\n","protected":false},"author":2,"featured_media":0,"parent":0,"menu_order":0,"comment_status":"closed","ping_status":"closed","template":"","meta":[],"_links":{"self":[{"href":"http:\/\/www.koerperliche-psychosomatik.de\/index.php?rest_route=\/wp\/v2\/pages\/11"}],"collection":[{"href":"http:\/\/www.koerperliche-psychosomatik.de\/index.php?rest_route=\/wp\/v2\/pages"}],"about":[{"href":"http:\/\/www.koerperliche-psychosomatik.de\/index.php?rest_route=\/wp\/v2\/types\/page"}],"author":[{"embeddable":true,"href":"http:\/\/www.koerperliche-psychosomatik.de\/index.php?rest_route=\/wp\/v2\/users\/2"}],"replies":[{"embeddable":true,"href":"http:\/\/www.koerperliche-psychosomatik.de\/index.php?rest_route=%2Fwp%2Fv2%2Fcomments&post=11"}],"version-history":[{"count":239,"href":"http:\/\/www.koerperliche-psychosomatik.de\/index.php?rest_route=\/wp\/v2\/pages\/11\/revisions"}],"predecessor-version":[{"id":151,"href":"http:\/\/www.koerperliche-psychosomatik.de\/index.php?rest_route=\/wp\/v2\/pages\/11\/revisions\/151"}],"wp:attachment":[{"href":"http:\/\/www.koerperliche-psychosomatik.de\/index.php?rest_route=%2Fwp%2Fv2%2Fmedia&parent=11"}],"curies":[{"name":"wp","href":"https:\/\/api.w.org\/{rel}","templated":true}]}}