{"id":206,"date":"2018-07-30T09:24:10","date_gmt":"2018-07-30T07:24:10","guid":{"rendered":"http:\/\/koerperliche-psychosomatik.de\/?page_id=206"},"modified":"2023-02-10T20:19:10","modified_gmt":"2023-02-10T19:19:10","slug":"koerperkonzept","status":"publish","type":"page","link":"http:\/\/www.koerperliche-psychosomatik.de\/?page_id=206","title":{"rendered":"Intensiv-Reihe &#8222;Being suicidal is not a choice&#8220;"},"content":{"rendered":"<h1 class=\"wp-block wp-block-post-title block-editor-block-list__block editor-post-title editor-post-title__input rich-text\" role=\"textbox\" contenteditable=\"true\" aria-label=\"Titel hier eingeben\" aria-multiline=\"true\">Intensiv-Reihe &#8222;Being suicidal is not a choice&#8220;<\/h1>\n<p>Von Medizinstudis f\u00fcr Medizinstudis!<\/p>\n<p>Das SutureWork-Collective veranstaltet im Februar\/M\u00e4rz eine mutige, praxisorientierte Online-Reihe zum Thema \u201eBeing suicidal is not a choice\u201c.<\/p>\n<p>Das Thema wird viel zu selten in der Uni behandelt und ist mit gesellschaftlichen Stigmata belegt. Gleichzeitig taucht es im \u00e4rztlichen Alltag an den unterschiedlichsten Stellen und das durchaus h\u00e4ufig auf. Wie k\u00f6nnen wir jenseits von Suizid-Risiko-Absch\u00e4tzung damit umgehen?<\/p>\n<p>Die 90min\u00fctigen Sessions \u2013 allesamt gehalten von gro\u00dfartigen Frauen \u2013 beinhalten kurze stille Reflexionseinheiten zum Durchatmen und Sammeln. Anschlie\u00dfend freuen wir uns auf einen lebendigen Austausch mit euch und den Dozentinnen!<\/p>\n<p>#SharingIsCaringMehr<\/p>\n<p>Infos zum Projekt unter: https:\/\/www.suture-collective.org\/outside-the-happy-bubble\/<\/p>\n\n\n<p><img decoding=\"async\" loading=\"lazy\" class=\"aligncenter wp-image-2491 size-full\" src=\"http:\/\/www.koerperliche-psychosomatik.de\/wp-content\/uploads\/2023\/02\/bubble.png\" alt=\"\" width=\"1309\" height=\"912\" srcset=\"http:\/\/www.koerperliche-psychosomatik.de\/wp-content\/uploads\/2023\/02\/bubble.png 1309w, http:\/\/www.koerperliche-psychosomatik.de\/wp-content\/uploads\/2023\/02\/bubble-300x209.png 300w, http:\/\/www.koerperliche-psychosomatik.de\/wp-content\/uploads\/2023\/02\/bubble-1024x713.png 1024w, http:\/\/www.koerperliche-psychosomatik.de\/wp-content\/uploads\/2023\/02\/bubble-768x535.png 768w\" sizes=\"(max-width: 706px) 89vw, (max-width: 767px) 82vw, 740px\" \/><\/p>\n","protected":false},"excerpt":{"rendered":"<p>Intensiv-Reihe &#8222;Being suicidal is not a choice&#8220; Von Medizinstudis f\u00fcr Medizinstudis! Das SutureWork-Collective veranstaltet im Februar\/M\u00e4rz eine mutige, praxisorientierte Online-Reihe &hellip; <\/p>\n<p class=\"link-more\"><a href=\"http:\/\/www.koerperliche-psychosomatik.de\/?page_id=206\" class=\"more-link\"><span class=\"screen-reader-text\">\u201eIntensiv-Reihe &#8222;Being suicidal is not a choice&#8220;\u201c<\/span> weiterlesen<\/a><\/p>\n","protected":false},"author":2,"featured_media":0,"parent":0,"menu_order":0,"comment_status":"closed","ping_status":"closed","template":"","meta":[],"_links":{"self":[{"href":"http:\/\/www.koerperliche-psychosomatik.de\/index.php?rest_route=\/wp\/v2\/pages\/206"}],"collection":[{"href":"http:\/\/www.koerperliche-psychosomatik.de\/index.php?rest_route=\/wp\/v2\/pages"}],"about":[{"href":"http:\/\/www.koerperliche-psychosomatik.de\/index.php?rest_route=\/wp\/v2\/types\/page"}],"author":[{"embeddable":true,"href":"http:\/\/www.koerperliche-psychosomatik.de\/index.php?rest_route=\/wp\/v2\/users\/2"}],"replies":[{"embeddable":true,"href":"http:\/\/www.koerperliche-psychosomatik.de\/index.php?rest_route=%2Fwp%2Fv2%2Fcomments&post=206"}],"version-history":[{"count":10,"href":"http:\/\/www.koerperliche-psychosomatik.de\/index.php?rest_route=\/wp\/v2\/pages\/206\/revisions"}],"predecessor-version":[{"id":2493,"href":"http:\/\/www.koerperliche-psychosomatik.de\/index.php?rest_route=\/wp\/v2\/pages\/206\/revisions\/2493"}],"wp:attachment":[{"href":"http:\/\/www.koerperliche-psychosomatik.de\/index.php?rest_route=%2Fwp%2Fv2%2Fmedia&parent=206"}],"curies":[{"name":"wp","href":"https:\/\/api.w.org\/{rel}","templated":true}]}}