{"id":208,"date":"2018-07-30T09:24:28","date_gmt":"2018-07-30T07:24:28","guid":{"rendered":"http:\/\/koerperliche-psychosomatik.de\/?page_id=208"},"modified":"2018-08-01T17:08:40","modified_gmt":"2018-08-01T15:08:40","slug":"workshop","status":"publish","type":"page","link":"http:\/\/www.koerperliche-psychosomatik.de\/?page_id=208","title":{"rendered":"Workshop"},"content":{"rendered":"<h5>In Balance zwischen Authentizit\u00e4t und Professionalit\u00e4t: Eine integrativer Intervention zur Selbstreflexion<\/h5>\n<p>Arzt zu sein und als Arzt zu arbeiten sind oft zwei verschiedene Welten. Medizinstudenten sind gefordert, mit beiden Wirklichkeiten zurecht zu kommen. Dabei fehlt es oft an Handlungsvorbildern. Edukation im Bereich Stressmanagement ist dabei nur ein Teil der L\u00f6sung. Die Ausbildung eines pr\u00e4ventiv wirkenden Koh\u00e4renzgef\u00fchls (Antonovsky) mittels der notwendigen Selbstreflexion zeigt sich im Medizinstudium als eine gravierende Leerstelle &#8211; und damit als ein gro\u00dfes Potenzial. Anhand des Seminarkonzeptes wird gezeigt, wie die theoretische Basis in konkrete Handlungs- und Reflexionserfahrung \u00fcbersetzt werden kann.<\/p>\n<p>Das Konzept geht von einem philosophisch reflektiertem Verst\u00e4ndnis der K\u00f6rpererfahrung innerhalb der uexk\u00fcll&#8217;schen psychosomatischen Grundlagentheorie aus. Unter dem Horizont der Leiblichkeit nach H. Plessner leiten sich, insbesondere im Hinblick auf den Aspekt des Umganges mit Grenzen, Erkenntnisse zum Menschenbild sowie zum \u00e4rztlichen Selbstverst\u00e4ndnis ab. Aus diesem werden mittels systematischer \u00dcberlegungen praktischen Implikationen abgeleitet.<\/p>\n<p>Grundlegend f\u00fcr den Workshop sind die Konzepte von T. v. Uexk\u00fcll (Sprechende Medizin), S. Covey (Leitbildarbeit) und D. Schnarch (Four Points of Balance). Die Reihe besteht aus sechs Modulen:<\/p>\n<p><em>(1) Werte- und Leitbildarbeit <\/em><\/p>\n<p><em>(2) Eigene Grenzen <\/em><\/p>\n<p><em>(3) Emotionale Stabilit\u00e4t im Kontakt <\/em><\/p>\n<p><em>(4) Grenzen im Au\u00dfen <\/em><\/p>\n<p><em>(5) Selbstmitgef\u00fchl und Ressourcen (MSC) <\/em><\/p>\n<p><em>(6) Erstellen eines Leitbildes.<\/em><\/p>\n<p>Diese erm\u00f6glichen die Exploration der eigenen Motivation, des Selbstanspruches und des Umganges mit (nicht) allt\u00e4glichen bio-psycho-sozialen, strukturellen und konzeptuellen Grenzen. Die Intervention setzt bei der k\u00f6rperlichen Erfahrung an, f\u00fchrt dar\u00fcber zu pers\u00f6nlichen Erkenntnissen und m\u00fcndet in der Ausarbeitung eines individuellen Wertekompasses. Die dort akkumulierten Handlungsprinzipien dienen zur Selbstverortung im theoretischen Wissen und praktischem Tun. Die Theorie wird mit \u00dcbungen zur Selbst- und Fremdwahrnehmung, Selbstreflexion und insbesondere bewegungstherapeutischen Ans\u00e4tzen in Einzel-, Partner- und Gruppenarbeit erfahrbar gemacht.<\/p>\n<p>Brosch\u00fcre als <a href=\"http:\/\/koerperliche-psychosomatik.de\/wp-content\/uploads\/2018\/08\/Workshop-Brosch\u00fcre.pdf\">hier als PDF<\/a> downloaden oder auf das Bild klicken um die Ansicht zu vergr\u00f6\u00dfern.<\/p>\n<blockquote><p><a href=\"http:\/\/koerperliche-psychosomatik.de\/wp-content\/uploads\/2018\/08\/b1.png\"><img decoding=\"async\" loading=\"lazy\" class=\"aligncenter wp-image-370 size-large\" src=\"http:\/\/koerperliche-psychosomatik.de\/wp-content\/uploads\/2018\/08\/b1-1024x577.png\" alt=\"\" width=\"1024\" height=\"577\" srcset=\"http:\/\/www.koerperliche-psychosomatik.de\/wp-content\/uploads\/2018\/08\/b1-1024x577.png 1024w, http:\/\/www.koerperliche-psychosomatik.de\/wp-content\/uploads\/2018\/08\/b1-300x169.png 300w, http:\/\/www.koerperliche-psychosomatik.de\/wp-content\/uploads\/2018\/08\/b1-768x433.png 768w, http:\/\/www.koerperliche-psychosomatik.de\/wp-content\/uploads\/2018\/08\/b1.png 1577w\" sizes=\"(max-width: 706px) 89vw, (max-width: 767px) 82vw, 740px\" \/><\/a><\/p>\n<p><a href=\"http:\/\/koerperliche-psychosomatik.de\/wp-content\/uploads\/2018\/08\/b2.png\"><img decoding=\"async\" loading=\"lazy\" class=\"aligncenter wp-image-371 size-large\" src=\"http:\/\/koerperliche-psychosomatik.de\/wp-content\/uploads\/2018\/08\/b2-1024x575.png\" alt=\"\" width=\"1024\" height=\"575\" srcset=\"http:\/\/www.koerperliche-psychosomatik.de\/wp-content\/uploads\/2018\/08\/b2-1024x575.png 1024w, http:\/\/www.koerperliche-psychosomatik.de\/wp-content\/uploads\/2018\/08\/b2-300x169.png 300w, http:\/\/www.koerperliche-psychosomatik.de\/wp-content\/uploads\/2018\/08\/b2-768x432.png 768w, http:\/\/www.koerperliche-psychosomatik.de\/wp-content\/uploads\/2018\/08\/b2.png 1575w\" sizes=\"(max-width: 706px) 89vw, (max-width: 767px) 82vw, 740px\" \/><\/a><\/p><\/blockquote>\n","protected":false},"excerpt":{"rendered":"<p>In Balance zwischen Authentizit\u00e4t und Professionalit\u00e4t: Eine integrativer Intervention zur Selbstreflexion Arzt zu sein und als Arzt zu arbeiten sind &hellip; <\/p>\n<p class=\"link-more\"><a href=\"http:\/\/www.koerperliche-psychosomatik.de\/?page_id=208\" class=\"more-link\"><span class=\"screen-reader-text\">\u201eWorkshop\u201c<\/span> weiterlesen<\/a><\/p>\n","protected":false},"author":2,"featured_media":0,"parent":0,"menu_order":0,"comment_status":"closed","ping_status":"closed","template":"","meta":[],"_links":{"self":[{"href":"http:\/\/www.koerperliche-psychosomatik.de\/index.php?rest_route=\/wp\/v2\/pages\/208"}],"collection":[{"href":"http:\/\/www.koerperliche-psychosomatik.de\/index.php?rest_route=\/wp\/v2\/pages"}],"about":[{"href":"http:\/\/www.koerperliche-psychosomatik.de\/index.php?rest_route=\/wp\/v2\/types\/page"}],"author":[{"embeddable":true,"href":"http:\/\/www.koerperliche-psychosomatik.de\/index.php?rest_route=\/wp\/v2\/users\/2"}],"replies":[{"embeddable":true,"href":"http:\/\/www.koerperliche-psychosomatik.de\/index.php?rest_route=%2Fwp%2Fv2%2Fcomments&post=208"}],"version-history":[{"count":5,"href":"http:\/\/www.koerperliche-psychosomatik.de\/index.php?rest_route=\/wp\/v2\/pages\/208\/revisions"}],"predecessor-version":[{"id":374,"href":"http:\/\/www.koerperliche-psychosomatik.de\/index.php?rest_route=\/wp\/v2\/pages\/208\/revisions\/374"}],"wp:attachment":[{"href":"http:\/\/www.koerperliche-psychosomatik.de\/index.php?rest_route=%2Fwp%2Fv2%2Fmedia&parent=208"}],"curies":[{"name":"wp","href":"https:\/\/api.w.org\/{rel}","templated":true}]}}