{"id":212,"date":"2018-07-30T09:30:34","date_gmt":"2018-07-30T07:30:34","guid":{"rendered":"http:\/\/koerperliche-psychosomatik.de\/?page_id=212"},"modified":"2018-12-27T19:21:30","modified_gmt":"2018-12-27T18:21:30","slug":"abgrenzung","status":"publish","type":"page","link":"http:\/\/www.koerperliche-psychosomatik.de\/?page_id=212","title":{"rendered":"Abgrenzung"},"content":{"rendered":"<h5>Einschlie\u00dfendes Abgrenzen &#8211; eine praktische Implikation von Embodiment f\u00fcr die Arzt-Patient-Beziehung<\/h5>\n<p>In den letzten Jahren wurde das Konzept Embodiment zu einem Schl\u00fcsselparadigma in den interdiziplin\u00e4ren Theorien von Philosophie, Psychologie, Psychosomatik und Neurowissenschaft [Vgl. Fuchs, T., 2009]. Obwohl es ein hohes Potenzial f\u00fcr die verschiedenen Disziplinen besitzt, ist es weder in der medizinischen Theorie noch in der Praxis zufriedenstellend integriert.<\/p>\n<p>Die vorliegende Arbeit soll das bestehende Wissen sch\u00e4rfen, um so einen Transfer mit praktischen Implikationen f\u00fcr den Arzt-Patienten-Kontakt zu erm\u00f6glichen. Die philosophische Analyse spannt einen Raum auf zwischen Uexk\u00fclls psychosomatischer Grundlagentheorie, welche auf der Basis des Konstruktivismus&#8216; die Wichtigkeit des Herstellens einer gemeinsamen Wirklichkeit zwischen Arzt und Patient beschreibt, und betrachtet diese unter dem Horizont von H. Plessners Interpretation von Embodiment als Leiblichkeit (Vgl. Walther, J., 2015).<\/p>\n<p>Auf der Grundlage des so neu entstandenen Menschenbildes wird der Blick auf einen wenig beachteten und selten gelehrten, aber allt\u00e4glichen Aspekt richtet: Die Abgrenzung.<\/p>\n<p>Dieser Prozess stellt eine essentielle Dimension der Selbstf\u00fcrsorge dar. So stehen alle medical professionals im Patientenkontakt stets vor der oftmals subtilen Herausforderung, eine Balance zwischen Empathie und Distanzwahrung zu finden, um authentisch, aber gleichzeitig professionell agieren zu k\u00f6nnen.<\/p>\n<p>Auf diesem Weg erm\u00f6glicht das theoretisch-interdisziplin\u00e4re Konzept des Embodiments eine Br\u00fccke zwischen psychosomatischer Grundlagentheorie und der praktischen Anwendung des neuen Paradigmas. Neben der Spezifikation des Konzeptes werden sieben Dimensionen von Abgrenzung beschrieben, welche der Forderung nachkommen, begrenzend, aber nicht ausschlie\u00dfend zu wirken.<\/p>\n<p style=\"text-align: center;\"><span style=\"color: #008080;\"><em>Klicke auf das Bild, um es in voller Gr\u00f6\u00dfe zu sehen.<\/em><\/span><\/p>\n<p><a href=\"http:\/\/koerperliche-psychosomatik.de\/wp-content\/uploads\/2018\/08\/poster.png\"><img decoding=\"async\" loading=\"lazy\" class=\"zoooom aligncenter wp-image-364 size-large\" src=\"http:\/\/koerperliche-psychosomatik.de\/wp-content\/uploads\/2018\/08\/poster-727x1024.png\" alt=\"\" width=\"525\" height=\"739\" srcset=\"http:\/\/www.koerperliche-psychosomatik.de\/wp-content\/uploads\/2018\/08\/poster-727x1024.png 727w, http:\/\/www.koerperliche-psychosomatik.de\/wp-content\/uploads\/2018\/08\/poster-213x300.png 213w, http:\/\/www.koerperliche-psychosomatik.de\/wp-content\/uploads\/2018\/08\/poster-768x1082.png 768w, http:\/\/www.koerperliche-psychosomatik.de\/wp-content\/uploads\/2018\/08\/poster.png 1788w\" sizes=\"(max-width: 525px) 100vw, 525px\" \/><\/a><\/p>\n<p>&nbsp;<\/p>\n","protected":false},"excerpt":{"rendered":"<p>Einschlie\u00dfendes Abgrenzen &#8211; eine praktische Implikation von Embodiment f\u00fcr die Arzt-Patient-Beziehung In den letzten Jahren wurde das Konzept Embodiment zu &hellip; <\/p>\n<p class=\"link-more\"><a href=\"http:\/\/www.koerperliche-psychosomatik.de\/?page_id=212\" class=\"more-link\"><span class=\"screen-reader-text\">\u201eAbgrenzung\u201c<\/span> weiterlesen<\/a><\/p>\n","protected":false},"author":2,"featured_media":0,"parent":0,"menu_order":0,"comment_status":"closed","ping_status":"closed","template":"","meta":[],"_links":{"self":[{"href":"http:\/\/www.koerperliche-psychosomatik.de\/index.php?rest_route=\/wp\/v2\/pages\/212"}],"collection":[{"href":"http:\/\/www.koerperliche-psychosomatik.de\/index.php?rest_route=\/wp\/v2\/pages"}],"about":[{"href":"http:\/\/www.koerperliche-psychosomatik.de\/index.php?rest_route=\/wp\/v2\/types\/page"}],"author":[{"embeddable":true,"href":"http:\/\/www.koerperliche-psychosomatik.de\/index.php?rest_route=\/wp\/v2\/users\/2"}],"replies":[{"embeddable":true,"href":"http:\/\/www.koerperliche-psychosomatik.de\/index.php?rest_route=%2Fwp%2Fv2%2Fcomments&post=212"}],"version-history":[{"count":22,"href":"http:\/\/www.koerperliche-psychosomatik.de\/index.php?rest_route=\/wp\/v2\/pages\/212\/revisions"}],"predecessor-version":[{"id":654,"href":"http:\/\/www.koerperliche-psychosomatik.de\/index.php?rest_route=\/wp\/v2\/pages\/212\/revisions\/654"}],"wp:attachment":[{"href":"http:\/\/www.koerperliche-psychosomatik.de\/index.php?rest_route=%2Fwp%2Fv2%2Fmedia&parent=212"}],"curies":[{"name":"wp","href":"https:\/\/api.w.org\/{rel}","templated":true}]}}