{"id":23,"date":"2016-11-20T21:23:48","date_gmt":"2016-11-20T20:23:48","guid":{"rendered":"http:\/\/koerperliche-psychosomatik.de\/?page_id=23"},"modified":"2016-11-20T22:10:39","modified_gmt":"2016-11-20T21:10:39","slug":"impressum","status":"publish","type":"page","link":"http:\/\/www.koerperliche-psychosomatik.de\/?page_id=23","title":{"rendered":"Impressum"},"content":{"rendered":"<div id=\"content\">\n<div id=\"post-44\" class=\"post-44 page type-page status-publish hentry\">\n<div class=\"post-content\">\n<p><strong>Adresse:<\/strong><\/p>\n<p>Juliane Walther<\/p>\n<p>Ring 60<br \/>\n15754 Heidesee<\/p>\n<p><strong>Kontakt:<\/strong><\/p>\n<p>eMail:\u00a0\u00a0 \u00a0<a href=\"mailto:info@mymonk.de\">info@kreis-ums-dreieck.de<\/a><\/p>\n<p><strong>Verantwortlich f\u00fcr die Inhalte:<\/strong><\/p>\n<p>Juliane Walther<\/p>\n<p><strong>Haftungshinweis:<\/strong> Trotz sorgf\u00e4ltiger inhaltlicher Kontrolle \u00fcbernehmen wir keine Haftung f\u00fcr die Inhalte externer Links. F\u00fcr den Inhalt der verlinkten Seiten sind ausschlie\u00dflich deren Betreiber verantwortlich.<\/p>\n<p>Wir freuen uns \u00fcber Anregungen und Kommentare, bitte schreiben Sie uns unter info@kreis-ums-dreieck.de<\/p>\n<p>F\u00fcr unverlangt eingesandtes Text- und Bildmaterial wird keine Haftung \u00fcbernommen.<\/p>\n<p>Fotos: Copyright Juliane Walther<\/p>\n<\/div>\n<\/div>\n<\/div>\n","protected":false},"excerpt":{"rendered":"<p>Adresse: Juliane Walther Ring 60 15754 Heidesee Kontakt: eMail:\u00a0\u00a0 \u00a0info@kreis-ums-dreieck.de Verantwortlich f\u00fcr die Inhalte: Juliane Walther Haftungshinweis: Trotz sorgf\u00e4ltiger inhaltlicher &hellip; <\/p>\n<p class=\"link-more\"><a href=\"http:\/\/www.koerperliche-psychosomatik.de\/?page_id=23\" class=\"more-link\"><span class=\"screen-reader-text\">\u201eImpressum\u201c<\/span> weiterlesen<\/a><\/p>\n","protected":false},"author":2,"featured_media":0,"parent":0,"menu_order":0,"comment_status":"closed","ping_status":"closed","template":"","meta":[],"_links":{"self":[{"href":"http:\/\/www.koerperliche-psychosomatik.de\/index.php?rest_route=\/wp\/v2\/pages\/23"}],"collection":[{"href":"http:\/\/www.koerperliche-psychosomatik.de\/index.php?rest_route=\/wp\/v2\/pages"}],"about":[{"href":"http:\/\/www.koerperliche-psychosomatik.de\/index.php?rest_route=\/wp\/v2\/types\/page"}],"author":[{"embeddable":true,"href":"http:\/\/www.koerperliche-psychosomatik.de\/index.php?rest_route=\/wp\/v2\/users\/2"}],"replies":[{"embeddable":true,"href":"http:\/\/www.koerperliche-psychosomatik.de\/index.php?rest_route=%2Fwp%2Fv2%2Fcomments&post=23"}],"version-history":[{"count":2,"href":"http:\/\/www.koerperliche-psychosomatik.de\/index.php?rest_route=\/wp\/v2\/pages\/23\/revisions"}],"predecessor-version":[{"id":32,"href":"http:\/\/www.koerperliche-psychosomatik.de\/index.php?rest_route=\/wp\/v2\/pages\/23\/revisions\/32"}],"wp:attachment":[{"href":"http:\/\/www.koerperliche-psychosomatik.de\/index.php?rest_route=%2Fwp%2Fv2%2Fmedia&parent=23"}],"curies":[{"name":"wp","href":"https:\/\/api.w.org\/{rel}","templated":true}]}}