{"id":514,"date":"2018-08-09T09:40:19","date_gmt":"2018-08-09T07:40:19","guid":{"rendered":"http:\/\/koerperliche-psychosomatik.de\/?page_id=514"},"modified":"2023-03-31T11:52:46","modified_gmt":"2023-03-31T09:52:46","slug":"introspektion-2","status":"publish","type":"page","link":"http:\/\/www.koerperliche-psychosomatik.de\/?page_id=514","title":{"rendered":"Akademische und wissenschaftliche Beitr\u00e4ge"},"content":{"rendered":"<div id=\"pl-514\"  class=\"panel-layout\" ><div id=\"pg-514-0\"  class=\"panel-grid panel-has-style\" ><div class=\"siteorigin-panels-stretch panel-row-style panel-row-style-for-514-0\" data-stretch-type=\"full\" ><div id=\"pgc-514-0-0\"  class=\"panel-grid-cell\" ><div id=\"panel-514-0-0-0\" class=\"so-panel widget widget_sow-editor panel-first-child panel-last-child\" data-index=\"0\" ><div class=\"panel-widget-style panel-widget-style-for-514-0-0-0\" ><div\n\t\t\t\n\t\t\tclass=\"so-widget-sow-editor so-widget-sow-editor-base\"\n\t\t\t\n\t\t>\n<div class=\"siteorigin-widget-tinymce textwidget\">\n\t<h1 style=\"text-align: center;\"><span style=\"color: #21282f;\">Hier findest Du auf einen Blick alles, was im Rahmen meiner Projekte bisher in die Welt getragen wurde<span style=\"color: #1b9cae;\">.<\/span><\/span><\/h1>\n<p style=\"text-align: center;\"><span style=\"color: #7b7c7e;\">Vortr\u00e4ge, Workshops, Beitr\u00e4ge<\/span><\/p>\n<\/div>\n<\/div><\/div><\/div><\/div><\/div><\/div><div id=\"pg-514-1\"  class=\"panel-grid panel-has-style\" ><div class=\"siteorigin-panels-stretch panel-row-style panel-row-style-for-514-1\" data-stretch-type=\"full-stretched\" ><div id=\"pgc-514-1-0\"  class=\"panel-grid-cell\" ><div id=\"panel-514-1-0-0\" class=\"so-panel widget widget_sow-headline panel-first-child panel-last-child\" data-index=\"1\" ><div class=\"panel-widget-style panel-widget-style-for-514-1-0-0\" ><div\n\t\t\t\n\t\t\tclass=\"so-widget-sow-headline so-widget-sow-headline-default-783d91cfffc2-514\"\n\t\t\t\n\t\t><div class=\"sow-headline-container \">\n\t\t\t\t\t\t\t<h1 class=\"sow-headline\">\n\t\t\t\t\t\tBeitr\u00e4ge\t\t\t\t\t\t<\/h1>\n\t\t\t\t\t\t\t\t\t\t\t<div class=\"decoration\">\n\t\t\t\t\t\t<div class=\"decoration-inside\"><\/div>\n\t\t\t\t\t<\/div>\n\t\t\t\t\t<\/div>\n<\/div><\/div><\/div><\/div><\/div><\/div><div id=\"pg-514-2\"  class=\"panel-grid panel-no-style\" ><div id=\"pgc-514-2-0\"  class=\"panel-grid-cell panel-grid-cell-empty\" ><\/div><div id=\"pgc-514-2-1\"  class=\"panel-grid-cell panel-grid-cell-mobile-last\" ><div id=\"panel-514-2-1-0\" class=\"so-panel widget widget_sow-editor panel-first-child panel-last-child\" data-index=\"2\" ><div class=\"panel-widget-style panel-widget-style-for-514-2-1-0\" ><div\n\t\t\t\n\t\t\tclass=\"so-widget-sow-editor so-widget-sow-editor-base\"\n\t\t\t\n\t\t>\n<div class=\"siteorigin-widget-tinymce textwidget\">\n\t<p><span style=\"color: #2cb1e2;\">[Coming soon: Feb 2023] JPBLHE<\/span><\/p>\n<p style=\"padding-left: 40px;\"><strong>Reinsch S, Walther J et al.<\/strong> Reinsch S, Walther J et al. <em>The Problem Based Learning Classroom as a Community of Practice: Learning, practice and professional identity formation in the first year of medical education<\/em>.<br \/>\nIn: <a href=\"https:\/\/journals.aau.dk\/index.php\/pbl\">Journal of Problem-Based Learning in Higher Education<\/a><br \/>\nPublishing date February 01, 2023<\/p>\n<p><span style=\"color: #2cb1e2;\">IZPP 2015<br \/>\n<\/span><\/p>\n<p style=\"padding-left: 30px;\"><strong>Walther, J.<\/strong> \"<em><a href=\"http:\/\/www.izpp.de\/fileadmin\/user_upload\/Ausgabe-1-2015\/Walther.pdf\">Haben und Sein<\/a> - Ein neuer K\u00f6rperbegriff f\u00fcr die Psychosomatik\".<\/em> In: <a href=\"http:\/\/www.izpp.de\">Internationale Zeitschrift f\u00fcr Philosophie und Psychosomatik<\/a>, 1\/2015<\/p>\n<\/div>\n<\/div><\/div><\/div><\/div><div id=\"pgc-514-2-2\"  class=\"panel-grid-cell panel-grid-cell-empty\" ><\/div><\/div><div id=\"pg-514-3\"  class=\"panel-grid panel-has-style\" ><div class=\"siteorigin-panels-stretch panel-row-style panel-row-style-for-514-3\" data-stretch-type=\"full-stretched\" ><div id=\"pgc-514-3-0\"  class=\"panel-grid-cell\" ><div id=\"panel-514-3-0-0\" class=\"so-panel widget widget_sow-headline panel-first-child\" data-index=\"3\" ><div\n\t\t\t\n\t\t\tclass=\"so-widget-sow-headline so-widget-sow-headline-default-783d91cfffc2-514\"\n\t\t\t\n\t\t><div class=\"sow-headline-container \">\n\t\t\t\t\t\t\t<h1 class=\"sow-headline\">\n\t\t\t\t\t\tLehre &amp; Workshops\t\t\t\t\t\t<\/h1>\n\t\t\t\t\t\t\t\t\t\t\t<div class=\"decoration\">\n\t\t\t\t\t\t<div class=\"decoration-inside\"><\/div>\n\t\t\t\t\t<\/div>\n\t\t\t\t\t<\/div>\n<\/div><\/div><div id=\"panel-514-3-0-1\" class=\"so-panel widget widget_sow-image panel-last-child\" data-index=\"4\" ><div\n\t\t\t\n\t\t\tclass=\"so-widget-sow-image so-widget-sow-image-default-c67d20f9f743-514\"\n\t\t\t\n\t\t>\n<div class=\"sow-image-container\">\n\t\t<img \n\tsrc=\"http:\/\/www.koerperliche-psychosomatik.de\/wp-content\/uploads\/2023\/01\/K1024_MHB-lehrpreis-600x400.jpg\" width=\"600\" height=\"400\" srcset=\"http:\/\/www.koerperliche-psychosomatik.de\/wp-content\/uploads\/2023\/01\/K1024_MHB-lehrpreis-600x400.jpg 600w, http:\/\/www.koerperliche-psychosomatik.de\/wp-content\/uploads\/2023\/01\/K1024_MHB-lehrpreis-272x182.jpg 272w\" sizes=\"(max-width: 600px) 100vw, 600px\" title=\"K1024_MHB lehrpreis\" alt=\"\" loading=\"lazy\" \t\tclass=\"so-widget-image\"\/>\n\t<\/div>\n\n<\/div><\/div><\/div><\/div><\/div><div id=\"pg-514-4\"  class=\"panel-grid panel-no-style\" ><div id=\"pgc-514-4-0\"  class=\"panel-grid-cell\" ><div id=\"panel-514-4-0-0\" class=\"so-panel widget widget_sow-features panel-first-child panel-last-child\" data-index=\"5\" ><div\n\t\t\t\n\t\t\tclass=\"so-widget-sow-features so-widget-sow-features-default-a3748f0a8860-514\"\n\t\t\t\n\t\t><\/div><\/div><\/div><div id=\"pgc-514-4-1\"  class=\"panel-grid-cell panel-grid-cell-mobile-last\" ><div id=\"panel-514-4-1-0\" class=\"so-panel widget widget_sow-editor panel-first-child panel-last-child\" data-index=\"6\" ><div\n\t\t\t\n\t\t\tclass=\"so-widget-sow-editor so-widget-sow-editor-base\"\n\t\t\t\n\t\t>\n<div class=\"siteorigin-widget-tinymce textwidget\">\n\t<p><span style=\"color: #2cb1e2;\">Workshop | Critical Self-Care | Deutscher \u00c4rztinnenbund 2023<br \/>\n<\/span><\/p>\n<p style=\"padding-left: 40px;\"><strong>\"Critical Self-Care: Ein integrativer Workshop zur Selbstf\u00fcrsorge im \u00e4rztlichen Berufsalltag\"<\/strong> - Junges Forum des <a href=\"https:\/\/www.aerztinnenbund.de\/\">Deutschen \u00c4rztinnenbundes<\/a>, Hamburg, 26. M\u00e4rz 2023<\/p>\n<p><span style=\"color: #2cb1e2;\">Workshop | Professional Identity Formation | Zukunftskongress D\u00c4B 2023<br \/>\n<\/span><\/p>\n<p style=\"padding-left: 40px;\"><strong>\"Professional Identity Formation - wie sich Identit\u00e4t durch gemeinsames Handeln formt\"<\/strong> - Zukunftskongress des <a href=\"https:\/\/www.aerztinnenbund.de\/\">Deutschen \u00c4rztinnenbundes<\/a>, online, 21. Januar 2023<\/p>\n<p><span style=\"color: #2cb1e2;\">Workshop | Critical Self-Care | Med. Hochschule Brandeburg 2023<br \/>\n<\/span><\/p>\n<p style=\"padding-left: 40px;\"><strong>\"<\/strong><strong>Pause vs Workoverload: Critical Self-Care in der Pr\u00fcfungszeit\"<\/strong><em> -\u00a0<\/em> <a href=\"http:\/\/www.koerperliche-psychosomatik.de\/wp-content\/uploads\/2023\/01\/Pause-machen-vs.-Work-Overload.pdf\">Pilotworkshop<\/a>, 18. Januar 2023, MHB Brandenburg<\/p>\n<p><span style=\"color: #2cb1e2;\">Workshop | Critical Self-Care | Health For Future 2022<br \/>\n<\/span><\/p>\n<p style=\"padding-left: 40px;\"><strong>\"Kritische Selbstf\u00fcrsorge\"<\/strong> - im Rahmen der <a href=\"https:\/\/healthforfuture.de\/health-for-future-skills-lab-critical-selfcare\/\">Skills Lab Reihe von HealthForFuture<\/a>. Online, 28. Dezember 2022<\/p>\n<p><span style=\"color: #2cb1e2;\">Workshop | Critical Self-Care | RWTH Aachen 2022<br \/>\n<\/span><\/p>\n<p style=\"padding-left: 40px;\"><strong>\"Critical Self-Care f\u00fcr Frauen\"<\/strong><em> - <\/em>Pr\u00e4senzworkshop f\u00fcr Medizinstudierende. 15. Dezember 2022, RWTH Aachen<\/p>\n<p><span style=\"color: #2cb1e2;\">WinterSchool | Med. Hochschule Brandenburg 2022<br \/>\n<\/span><\/p>\n<p style=\"padding-left: 40px;\"><strong>\u201dPatient Gesundheitssystem: Wege zu einer patientenzentrierten Versorgung\" <\/strong>- Diaktisches Konzept, inhaltliche Planung, Organisation.\u00a0 Eine 5t\u00e4gige SummerSchool zum Thema im Rahmen des Studium Generales des Studienganges Medizin unter der Leitung von Prof. Dr. Prof. h.c. Dr. h.c.\u00a0 <a href=\"https:\/\/www.mhb-fontane.de\/details-zu\/edmund-neugebauer.html\">Edmund Neugebauer<\/a>, Medizinische Hochschule Brandenburg. Neuruppin, Germany, 19-23. September 2022<\/p>\n<p><span style=\"color: #2cb1e2;\">Lehre | Problemorientieres Lernen | Med. Hochschule Brandeburg 2021\/22<br \/>\n<\/span><\/p>\n<p style=\"padding-left: 40px;\"><strong>Curriculare Lehre in POL<\/strong> sowie Lehre in der Einf\u00fchrungsveranstaltung, im Co-Teaching mit den studentischen Tutor:innen im Rahmen des POL-PeerTeaching-Projektes. SoSe 21, WiSe 21\/22<\/p>\n<p><span style=\"color: #2cb1e2;\">SummerSchool | Med. Hochschule Brandenburg 2021<br \/>\n<\/span><\/p>\n<p style=\"padding-left: 40px;\"><strong>\u201dDas Ende des Lebens als Teil des Lebens.\"<\/strong> - Konzept, Planung, Durchf\u00fchrung, Moderation. Eine 5t\u00e4gige SummerSchool zum Thema im Rahmen des Studium Generales des Studienganges Psychologie, Medizinische Hochschule Brandenburg. Neuruppin, Germany, September 2021<\/p>\n<p><span style=\"color: #2cb1e2;\"> PJ Fortbildungsreihe | Med. Hochschule Brandenburg SoSe 2021<br \/>\n<\/span><\/p>\n<p style=\"padding-left: 40px;\"><strong>SEEK.<\/strong><em> Pilotprojekt \u201dSelbstreflexion - Exploration - Emotion - Kommunikation\"<\/em> - Ein 6teiliges Fortbildungsseminar im PJ zur Professional Identity Formation<\/p>\n<p><span style=\"color: #2cb1e2;\">Workshop | Med. Hochschule Brandenburg SoSe 2021<\/span><\/p>\n<p style=\"padding-left: 40px;\"><strong>Fit f\u00fcr den Praxistag.<\/strong><em> Pilotprojekt zur Vorbereitung Studierender im zweiten Semester <\/em><em>auf den Einsatz <\/em><em>in Allgemeinmedizinpraxen - jenseits von Organisation und Kommunikationscurriculum.\u00a0<\/em><\/p>\n<p><span style=\"color: #2cb1e2;\">Interdisziplin\u00e4res Seminar | Med. Hochschule Brandenburg SoSe 2021<br \/>\n<\/span><\/p>\n<p style=\"padding-left: 40px;\"><strong>IDS 1.1.<\/strong><em> \u201dVerliebt sein - Biochemie und Psychosomatik\"<\/em> - Einf\u00fchrungsseminar im ersten Semester, Co-Teaching mit Prof. Dr. rer. nat. Stefanie Oess, Medizinische Hochschule Brandenburg. Neuruppin, Germany, April 2021<\/p>\n<p><span style=\"color: #2cb1e2;\">Dozierendenschulungen | Med. Hochschule Brandenburg<br \/>\nWiSe 20\/21, SoSe 21, WiSe 21\/22<\/span><\/p>\n<p style=\"padding-left: 40px;\"><strong>Longitudinales Kommunikationscurriculum, Semester 1-10<br \/>\n<\/strong>In Pr\u00e4senz, digitial, mit Einsatz von Simulationspersonen<\/p>\n<p><span style=\"color: #2cb1e2;\">Workshop | PerLe: Christian-Albrecht-Universit\u00e4t Kiel 2019<br \/>\n<\/span><\/p>\n<p style=\"padding-left: 40px;\"><strong>\u201dBericht \u00fcber eine erfolgreiche Odyssee: Das Projekttutorium 'Dimensionen einer kulturell informierten Psychosomatik\u201d<\/strong> - Ein Workshop im Rahmen der 4. Konferenz f\u00fcr studentische Forschung: Forschung vermitteln, Lehre voranbringen, Gesellschaft gestalten\" - PerLe: Projekt erfolgreiches lehren und Lernen. Kiel, Germany, September 26, 2019<\/p>\n<p><span style=\"color: #2cb1e2;\">Studentisches Lehrprojekt | International Psychoanalytic University Berlin 2018\/19<br \/>\n<\/span><\/p>\n<p style=\"padding-left: 30px;\"><strong>\u201dDoing The Culture Of Psychosomatics\u201d<\/strong> - Extracurriculares <a href=\"http:\/\/freuds-zweit\u00fcrme.de\/wp-content\/uploads\/2018\/10\/Tutorium-Psychosomatik.pdf\">Projekttutorium<\/a> im Wintersemester 2018\/19. Mit freundlicher Unterst\u00fctzung der Stiftung f\u00fcr F\u00f6rderung der universit\u00e4ren Psychoanalyse und unter Betreuung von Frau Prof. Insa H\u00e4rtel.<\/p>\n<p><span style=\"color: #2cb1e2;\">Lehre | Longitudinales Kommunikationscurriculum | Med. Hochschule Brandenburg seit SoSe2018<br \/>\n<\/span><\/p>\n<p style=\"padding-left: 30px;\"><strong>TRIK.<\/strong><em> [T]eamarbeit [R]eflexion [I]interaktion [K]ommunikation<\/em><strong><br \/>\n<\/strong>Lehre der Semester 1-10, ab Semester 3 unter Einsatz von Simulationspersonen.<br \/>\nWeiterentwicklung der Dozierendenmanuale<\/p>\n<p><span style=\"color: #2cb1e2;\">Workhop | Universit\u00e4t Witten\/Herdecke 2017<\/span><\/p>\n<p style=\"padding-left: 30px;\"><strong>\u201dBeziehungs-weise: Arzt sein und Mensch bleiben\u201d<\/strong> - ein f\u00fcnft\u00e4giger Workshop im Rahmen der <a href=\"https:\/\/sommerakademie-witten.de\/rueckblick-sommerakademie\/sommerakademie-2017\">Sommerakademie<\/a> f\u00fcr integrative Medizin, Universit\u00e4t Witten\/Herdecke, Germany, August 20-25, 2017<\/p>\n<p><span style=\"color: #2cb1e2;\">Workshop | Uexk\u00fcll-Akademie, Innsbruck 2017<\/span><\/p>\n<p style=\"padding-left: 30px;\"><strong>\"Junges Forum AiM - Theoretische Grundlagen einer Integrierten Medizin und ihre praktischen Anwendungen\"<\/strong><em> - zusammen mit Haagen, M., Weibezahl, M.<\/em> <a href=\"https:\/\/uexkuell-akademie.de\/jetzt-anmelden\/\">Jahrestagung<\/a> der Uexk\u00fcll-Akademie f\u00fcr Integrierte Medizin, Innsbruck, Austria, April 28, 2017<\/p>\n<p><span style=\"color: #2cb1e2;\">Workshop | Universit\u00e4t Witten\/Herdecke 2016<\/span><\/p>\n<p style=\"padding-left: 30px;\"><strong>\"Der authentische Arzt - In Balance zwischen Engagement und Abgrenzung\"<\/strong> - <a href=\"https:\/\/sommerakademie-witten.de\/rueckblick-sommerakademie\/sommerakademie-2016\">Sommerakademie<\/a> f\u00fcr integrative Medizin, Universit\u00e4t Witten\/Herdecke, Germany, August 1, 2016<\/p>\n<\/div>\n<\/div><\/div><\/div><div id=\"pgc-514-4-2\"  class=\"panel-grid-cell panel-grid-cell-empty\" ><\/div><\/div><div id=\"pg-514-5\"  class=\"panel-grid panel-has-style\" ><div class=\"siteorigin-panels-stretch panel-row-style panel-row-style-for-514-5\" data-stretch-type=\"full-stretched\" ><div id=\"pgc-514-5-0\"  class=\"panel-grid-cell\" ><div id=\"panel-514-5-0-0\" class=\"so-panel widget widget_sow-headline panel-first-child panel-last-child\" data-index=\"7\" ><div\n\t\t\t\n\t\t\tclass=\"so-widget-sow-headline so-widget-sow-headline-default-783d91cfffc2-514\"\n\t\t\t\n\t\t><div class=\"sow-headline-container \">\n\t\t\t\t\t\t\t<h1 class=\"sow-headline\">\n\t\t\t\t\t\tVortr\u00e4ge\t\t\t\t\t\t<\/h1>\n\t\t\t\t\t\t\t\t\t\t\t<div class=\"decoration\">\n\t\t\t\t\t\t<div class=\"decoration-inside\"><\/div>\n\t\t\t\t\t<\/div>\n\t\t\t\t\t<\/div>\n<\/div><\/div><\/div><\/div><\/div><div id=\"pg-514-6\"  class=\"panel-grid panel-no-style\" ><div id=\"pgc-514-6-0\"  class=\"panel-grid-cell panel-grid-cell-empty\" ><\/div><div id=\"pgc-514-6-1\"  class=\"panel-grid-cell panel-grid-cell-mobile-last\" ><div id=\"panel-514-6-1-0\" class=\"so-panel widget widget_sow-editor panel-first-child panel-last-child\" data-index=\"8\" ><div\n\t\t\t\n\t\t\tclass=\"so-widget-sow-editor so-widget-sow-editor-base\"\n\t\t\t\n\t\t>\n<div class=\"siteorigin-widget-tinymce textwidget\">\n\t<p><span style=\"color: #2cb1e2;\">D\u00c4B 2023<br \/>\n<\/span><\/p>\n<p style=\"padding-left: 40px;\"><strong>Walther, Juliane.<\/strong> <em>\u201dZwischen Authentizit\u00e4t und Professionalit\u00e4t: Professional Identity Formation? \u201d<\/em> - Zukunftskongress des <a href=\"https:\/\/www.aerztinnenbund.de\/\">Deutschen \u00c4rztinnenbundes<\/a>, virtuell, Germany, November 21\/22-01, 2023<\/p>\n<p><span style=\"color: #2cb1e2;\">DGPPN 2022<br \/>\n<\/span><\/p>\n<p style=\"padding-left: 40px;\"><strong>Walther, Juliane.<\/strong> <em>\u201dWiderst\u00e4nde gegen das Wissen der Psychosomatik: eine kulturwissenschaftliche Mixed-Methods-Untersuchung\u201d<\/em> - <a href=\"https:\/\/www.dgppn.de\/\">DGPPN<\/a> Kongress, Berlin, Germany, November 23\u20136, 2022<\/p>\n<p><span style=\"color: #2cb1e2;\">GMA 2022<\/span><\/p>\n<p style=\"padding-left: 40px;\"><strong>Walther, Juliane.<\/strong> <em>\u201dParting the Clouds - Einf\u00fchrung in die Theorie von Professional Identity Formation\u201d<\/em> - Jahrestagung der <a href=\"https:\/\/gesellschaft-medizinische-ausbildung.org\/ausschuesse\/professional-identity-formation.html\">Gesellschaft f\u00fcr Medizinische Ausbildung<\/a>, Halle, Germany, September 15\u201317, 2022<\/p>\n<p><span style=\"color: #2cb1e2;\">GMA 2022<\/span><\/p>\n<p style=\"padding-left: 40px;\"><strong>Schwanemann J, Leineweber C, Walther J et al.<\/strong> <em>\"Professionelle Identit\u00e4tsentwicklung im ersten Jahr des Medizinstudiums:\u00a0\u00a0<\/em><br \/>\n<em>Ein randomisierter Cross-Over-Vergleich von Erfahrungen mit \u00e4rztlich und studentisch moderierten POL-Gruppen\"<\/em> - Jahrestagung der <a href=\"https:\/\/gesellschaft-medizinische-ausbildung.org\/ausschuesse\/professional-identity-formation.html\">Gesellschaft f\u00fcr Medizinische Ausbildung<\/a>, Halle, Germany, September 15\u201317, 2022<\/p>\n<p><span style=\"color: #2cb1e2;\">NNM 2022<br \/>\n<\/span><\/p>\n<p style=\"padding-left: 40px;\"><strong>Walther, J &amp; Ploeger, C.<\/strong> <em>\u201dNarrative Medizin \u2013 eine Seminarreihe in zwei Zyklen\u201d<\/em> - Kurztagung Narrative Medizin im deutschsprachigen Raum: Projekte \u2013 Pla\u0308ne \u2013 Ideen. <a href=\"https:\/\/www.netzwerk-narrativemedizin.de\/\">Netzwerk Narrative Medizin<\/a>, Germany, July 05, 2022<\/p>\n<p><span style=\"color: #2cb1e2;\">University of Bern 2022, Bern<br \/>\n<\/span><\/p>\n<p style=\"padding-left: 40px;\"><strong>Plenumsdiskussion.<\/strong> <em>\u201dThe Interplay between Assessment And Professional Identity Development in Medical Education\u201d<\/em> - Institut f\u00fcr medizinische Lehre <a href=\"https:\/\/www.iml.unibe.ch\/ueber-uns\/organisation\/institut\">University of Bern<\/a>, Switzerland, June 28, 2022<\/p>\n<p><span style=\"color: #2cb1e2;\">Universit\u00e4t Witten\/Herdecke 2021<\/span><\/p>\n<p style=\"padding-left: 40px;\"><strong>Walther, Juliane.<\/strong> <em>\u201dUnsere Zuwendung zur Welt\u201d<\/em> - Plenarvortrag auf der <a href=\"https:\/\/sommerakademie-witten.de\/de\/\">Sommerakademie f\u00fcr integrative Medizin<\/a>, Universit\u00e4t Witten\/Herdecke, Germany, August 28, 2021<\/p>\n<p><span style=\"color: #2cb1e2;\">ICMA 2020, Oxford<br \/>\n<\/span><\/p>\n<p style=\"padding-left: 40px;\"><strong>Walther, Juliane. <\/strong><em>\u201dThe interdisciplinary nature of psychosomatic knowledge: a mixedmethods study on german psychosomatics as a culture of knowledge.\u201d<\/em> - International Conference on Medical Humanities organized by the <a href=\"https:\/\/www.lcir.co.uk\/\">London Centre for Interdisciplinary Research<\/a>. Oxford, England, March 14-15, 2020<\/p>\n<p><span style=\"color: #2cb1e2;\">ECIM 2019, Barcelona<br \/>\n<\/span><\/p>\n<p style=\"padding-left: 30px;\"><strong>Walther, Juliane. <\/strong><em>\"How the Idea of Boundaries Helps Us to Understand Our Patients as Embodied Human Beings: A Literature Analysis of Psychosomatic Foundations and the Concept of Embodiment.<\/em>\" - <a href=\"http:\/\/www.ecim-congress.org\/\">European Congress<\/a> of Integrative Medicine, Barcelona, Spain, September 14, 2019<\/p>\n<p><span style=\"color: #2cb1e2;\">Universit\u00e4tsklinikum Ruppin-Brandenburg 2018<\/span><\/p>\n<p style=\"padding-left: 40px;\"><strong>Walther, Juliane. <\/strong><em>\"\u00dcber die M\u00f6glichkeiten von Abgrenzung im Patientenkontakt<\/em>\" - Im Rahmen der psychosomatischen Fortbildung des <a href=\"https:\/\/www.ukrb.de\/\">Universit\u00e4tsklinikum Ruppin-Brandenburg<\/a>, Neuruppin, Germany, June 12, 2018<\/p>\n<p><span style=\"color: #2cb1e2;\">Freunde der IPU 2018<\/span><\/p>\n<p style=\"padding-left: 30px;\"><strong>Walther, Juliane.<\/strong> <em>\"Die Psychosomatik ist tot- es lebe die Psychosomatik: Zum Stand des Faches und der Notwendigkeit einer kulturwissenschaftlichen Informiertheit.\"<\/em> - Im Rahmen der Jahrestagung der <a href=\"https:\/\/www.ipu-berlin.de\/hochschule\/netzwerk\/freunde-der-ipu-ev.html\">Freunde und F\u00f6rderer der IPU<\/a>, Berlin, Germany, April 27, 2018<\/p>\n<p><span style=\"color: #2cb1e2;\">Uexk\u00fcll-Akademie 2018<\/span><\/p>\n<p style=\"padding-left: 30px;\"><strong>Walther, Juliane.<\/strong> <em>\"<a href=\"https:\/\/uexkuell-akademie.de\/regionalgruppe-hamburg-laedt-ein-9-april-2018\/\">Zwischen K\u00f6rper und Seele<\/a>: Zum Begriff des leiblich verstandenen K\u00f6rpers in der psychosomatischen Theorie.\"<\/em> - Im Rahmen der Regionalgruppe der<a href=\"https:\/\/uexkuell-akademie.de\/regionalgruppen\/\"> Uexk\u00fcll-Akademie<\/a>, Hamburg, Germany, April 09, 2018<\/p>\n<p><span style=\"color: #2cb1e2;\">DKPM 2018<\/span><\/p>\n<p style=\"padding-left: 30px;\"><strong>Walther, Juliane.<\/strong> <em><a href=\"https:\/\/www.react-profile.org\/upload\/KIT\/system\/uploads\/05_Psycho%202018_Abstractbuch.pdf\">\"In Balance zwischen Authentizit\u00e4t und Professionalit\u00e4t<\/a>: eine integrative Intervention zur Selbstreflexion.\"<\/em> Presented at the annual meeting of the <a href=\"http:\/\/2018.deutscher-psychosomatik-kongress.de\/\">DKPM<\/a>, Berlin, Germany, March 22, 2018<\/p>\n<p><span style=\"color: #2cb1e2;\">DKPM 2017<\/span><\/p>\n<p style=\"padding-left: 30px;\"><strong>Walther, Juliane.<\/strong> <em>\"<a href=\"http:\/\/react-profile.org\/ebook\/Psychosomatik2017\/AbstractBook\/\">Einschlie\u00dfendes Abgrenzen<\/a> - eine praktische Implikation von Embodiment f\u00fcr die Arzt-Patient-Beziehung.\"<\/em> Presented at the annual meeting of the <a href=\"http:\/\/2018.deutscher-psychosomatik-kongress.de\/\">DKPM<\/a>, Berlin, Germany, March 22, 2017<\/p>\n<p><span style=\"color: #2cb1e2;\">Uexk\u00fcll-Akademie 2016<\/span><\/p>\n<p style=\"padding-left: 30px;\"><strong>Walther, Juliane.<\/strong><em> \"Der K\u00f6rper bei v. Uexk\u00fcll - Eine konzeptionelle Betrachtung.\"<\/em> - Im Rahmen der Regionalgruppe der <a href=\"https:\/\/uexkuell-akademie.de\/\">Uexk\u00fcll-Akademie<\/a>, Frankfurt am Main, Germany, September 15, 2016<\/p>\n<p><span style=\"color: #2cb1e2;\">Charit\u00e9 2016<\/span><\/p>\n<p style=\"padding-left: 30px;\"><strong>Walther, Juliane.<\/strong> <em>\"Der K\u00f6rper in der psychosomatischen Theorie v.Uexk\u00fcll - Eine Rekonstruktion unter dem Horizont der Leiblichkeit.\"<\/em> Im Rahmen des Forschungskolloquiums der Abteilung <a href=\"https:\/\/psychosomatik.charite.de\/\">Psychosomatik, Charit\u00e9<\/a> Campus Benjamin Franklin, Berlin, Germany, Januar 18, 2016<\/p>\n<p><span style=\"color: #2cb1e2;\">DKPM 2015<\/span><\/p>\n<p style=\"padding-left: 30px;\"><strong>Walther, Juliane and Spanknebel, Sebastian.<\/strong><em> \"Der Aspekt des K\u00f6rpers in der Psychosomatik unter ph\u00e4nomenologischen Gesichtspunkten.\"<\/em> Presented at the annual meeting of the <a href=\"http:\/\/2018.deutscher-psychosomatik-kongress.de\/\">DKPM<\/a>, Berlin, Germany, March 27, 2015<\/p>\n<\/div>\n<\/div><\/div><\/div><div id=\"pgc-514-6-2\"  class=\"panel-grid-cell panel-grid-cell-empty\" ><\/div><\/div><div id=\"pg-514-7\"  class=\"panel-grid panel-has-style\" ><div class=\"siteorigin-panels-stretch panel-row-style panel-row-style-for-514-7\" data-stretch-type=\"full\" ><div id=\"pgc-514-7-0\"  class=\"panel-grid-cell\" ><div id=\"panel-514-7-0-0\" class=\"so-panel widget widget_sow-headline panel-first-child panel-last-child\" data-index=\"9\" ><div\n\t\t\t\n\t\t\tclass=\"so-widget-sow-headline so-widget-sow-headline-default-90b7285b72ab-514\"\n\t\t\t\n\t\t><div class=\"sow-headline-container \">\n\t\t\t\t\t\t\t<h1 class=\"sow-headline\">\n\t\t\t\t\t\tI would love to work with you.\t\t\t\t\t\t<\/h1>\n\t\t\t\t\t\t<\/div>\n<\/div><\/div><\/div><div id=\"pgc-514-7-1\"  class=\"panel-grid-cell\" ><div id=\"panel-514-7-1-0\" class=\"so-panel widget widget_sow-button panel-first-child panel-last-child\" data-index=\"10\" ><div\n\t\t\t\n\t\t\tclass=\"so-widget-sow-button so-widget-sow-button-wire-dc51f6033f22-514\"\n\t\t\t\n\t\t><div class=\"ow-button-base ow-button-align-right\"\n>\n\t\t\t<a\n\t\t\t\t\thref=\"http:\/\/www.koerperliche-psychosomatik.de\/?page_id=60\"\n\t\t\t\t\tclass=\"sowb-button ow-icon-placement-left ow-button-hover\" \t>\n\t\t<span>\n\t\t\t\n\t\t\tLet's connect\t\t<\/span>\n\t\t\t<\/a>\n\t<\/div>\n<\/div><\/div><\/div><\/div><\/div><\/div>","protected":false},"excerpt":{"rendered":"<p>Hier findest Du auf einen Blick alles, was im Rahmen meiner Projekte bisher in die Welt getragen wurde. Vortr\u00e4ge, Workshops, &hellip; <\/p>\n<p class=\"link-more\"><a href=\"http:\/\/www.koerperliche-psychosomatik.de\/?page_id=514\" class=\"more-link\"><span class=\"screen-reader-text\">\u201eAkademische und wissenschaftliche Beitr\u00e4ge\u201c<\/span> weiterlesen<\/a><\/p>\n","protected":false},"author":2,"featured_media":0,"parent":0,"menu_order":0,"comment_status":"closed","ping_status":"closed","template":"","meta":[],"_links":{"self":[{"href":"http:\/\/www.koerperliche-psychosomatik.de\/index.php?rest_route=\/wp\/v2\/pages\/514"}],"collection":[{"href":"http:\/\/www.koerperliche-psychosomatik.de\/index.php?rest_route=\/wp\/v2\/pages"}],"about":[{"href":"http:\/\/www.koerperliche-psychosomatik.de\/index.php?rest_route=\/wp\/v2\/types\/page"}],"author":[{"embeddable":true,"href":"http:\/\/www.koerperliche-psychosomatik.de\/index.php?rest_route=\/wp\/v2\/users\/2"}],"replies":[{"embeddable":true,"href":"http:\/\/www.koerperliche-psychosomatik.de\/index.php?rest_route=%2Fwp%2Fv2%2Fcomments&post=514"}],"version-history":[{"count":63,"href":"http:\/\/www.koerperliche-psychosomatik.de\/index.php?rest_route=\/wp\/v2\/pages\/514\/revisions"}],"predecessor-version":[{"id":2496,"href":"http:\/\/www.koerperliche-psychosomatik.de\/index.php?rest_route=\/wp\/v2\/pages\/514\/revisions\/2496"}],"wp:attachment":[{"href":"http:\/\/www.koerperliche-psychosomatik.de\/index.php?rest_route=%2Fwp%2Fv2%2Fmedia&parent=514"}],"curies":[{"name":"wp","href":"https:\/\/api.w.org\/{rel}","templated":true}]}}